{"id":1140,"date":"2023-04-01T09:57:14","date_gmt":"2023-04-01T09:57:14","guid":{"rendered":"https:\/\/themountainsfamily.com\/?page_id=1140"},"modified":"2023-04-02T19:41:30","modified_gmt":"2023-04-02T19:41:30","slug":"organiser-son-sejour-en-tarentaise","status":"publish","type":"page","link":"https:\/\/themountainsfamily.com\/index.php\/organiser-son-sejour-en-tarentaise\/","title":{"rendered":"J&rsquo;ORGANISE VOTRE SEJOUR"},"content":{"rendered":"<div class=\"wpb-content-wrapper\"><p>[vc_row][vc_column width=\u00a0\u00bb2\/3&Prime;][vc_custom_heading text=\u00a0\u00bbEnvie de d\u00e9couvrir la Tarentaise le temps d&rsquo;un s\u00e9jour ?\u00a0\u00bb use_theme_fonts=\u00a0\u00bbyes\u00a0\u00bb][vc_column_text single_style=\u00a0\u00bb1&Prime;]Envie de d\u00e9couvrir la beaut\u00e9 de la Tarentaise, les plus beaux spots de montagne et ses h\u00e9bergements insolites ?<\/p>\n<p>Envie de d\u00e9couvrir de belles randos, des lacs de montagne sans chercher des heures sur internet pour faire votre itin\u00e9raire ?<\/p>\n<p>On s&rsquo;occupe d&rsquo;organiser votre s\u00e9jour ! Vous n&rsquo;avez qu&rsquo;\u00e0 nous donner vos dates de s\u00e9jour souhait\u00e9es, votre budget et vos envies et on s&rsquo;occupe de vous concocter un programme d&rsquo;activit\u00e9s pour d\u00e9couvrir les meilleurs spots en fonction de vos envies. On vous propose \u00e9galement une liste d&rsquo;h\u00e9bergement entre Val d&rsquo;Is\u00e8re et Bourg Saint Maurice ainsi qu&rsquo;un guide des meilleures adresses du coin. Bref, on s&rsquo;occupe de tout pour que vous passiez un s\u00e9jour inoubliable dans nos montagnes.<\/p>\n<p><em>Nous proposons \u00e9galement \u00e0 la location sur Val d&rsquo;Is\u00e8re et ses alentours un chariot Thule pour vous accompagner dans vos randos et\/ou un sac \u00e0 dos b\u00e9b\u00e9.\u00a0<\/em>[\/vc_column_text][\/vc_column][vc_column width=\u00a0\u00bb1\/3&Prime;][vc_row_inner][vc_column_inner][vc_single_image image=\u00a0\u00bb54&Prime; img_size=\u00a0\u00bbfull\u00a0\u00bb style=\u00a0\u00bbvc_box_rounded\u00a0\u00bb][vc_column_text single_style=\u00a0\u00bb1&Prime;]Originaire de Val d&rsquo;Is\u00e8re, \u00e7a fait 26 ans que j&rsquo;arpente les montagnes qui m&rsquo;entoure. On peut donc dire que je connais plut\u00f4t bien les alentours pour vous concocter un s\u00e9jour inoubliable ![\/vc_column_text][\/vc_column_inner][\/vc_row_inner][\/vc_column][\/vc_row][vc_row][vc_column width=\u00a0\u00bb1\/3&Prime;][vc_single_image image=\u00a0\u00bb122&Prime; img_size=\u00a0\u00bb900&#215;1200&Prime; alignment=\u00a0\u00bbcenter\u00a0\u00bb][\/vc_column][vc_column width=\u00a0\u00bb1\/3&Prime;][vc_single_image image=\u00a0\u00bb84&Prime; img_size=\u00a0\u00bb900&#215;1200&Prime; alignment=\u00a0\u00bbcenter\u00a0\u00bb][\/vc_column][vc_column width=\u00a0\u00bb1\/3&Prime;][vc_single_image image=\u00a0\u00bb118&Prime; img_size=\u00a0\u00bb900&#215;1200&Prime; alignment=\u00a0\u00bbcenter\u00a0\u00bb][\/vc_column][\/vc_row][vc_row][vc_column][vc_column_text single_style=\u00a0\u00bb\u00a0\u00bb]<\/p>\n<h3>Contactez-nous :<\/h3>\n<p>[\/vc_column_text]\n<div class=\"wpcf7 no-js\" id=\"wpcf7-f142-o1\" lang=\"fr-FR\" dir=\"ltr\">\n<div class=\"screen-reader-response\"><p role=\"status\" aria-live=\"polite\" aria-atomic=\"true\"><\/p> <ul><\/ul><\/div>\n<form action=\"\/index.php\/wp-json\/wp\/v2\/pages\/1140#wpcf7-f142-o1\" method=\"post\" class=\"wpcf7-form init\" aria-label=\"Formulaire de contact\" novalidate=\"novalidate\" data-status=\"init\">\n<div style=\"display: none;\">\n<input type=\"hidden\" name=\"_wpcf7\" value=\"142\" \/>\n<input type=\"hidden\" name=\"_wpcf7_version\" value=\"5.9.3\" \/>\n<input type=\"hidden\" name=\"_wpcf7_locale\" value=\"fr_FR\" \/>\n<input type=\"hidden\" name=\"_wpcf7_unit_tag\" value=\"wpcf7-f142-o1\" \/>\n<input type=\"hidden\" name=\"_wpcf7_container_post\" value=\"0\" \/>\n<input type=\"hidden\" name=\"_wpcf7_posted_data_hash\" value=\"\" \/>\n<\/div>\n<p><label> Votre nom<br \/>\n<span class=\"wpcf7-form-control-wrap\" data-name=\"your-name\"><input size=\"40\" class=\"wpcf7-form-control wpcf7-text wpcf7-validates-as-required\" autocomplete=\"name\" aria-required=\"true\" aria-invalid=\"false\" value=\"\" type=\"text\" name=\"your-name\" \/><\/span> <\/label>\n<\/p>\n<p><label> Votre e-mail<br \/>\n<span class=\"wpcf7-form-control-wrap\" data-name=\"your-email\"><input size=\"40\" class=\"wpcf7-form-control wpcf7-email wpcf7-validates-as-required wpcf7-text wpcf7-validates-as-email\" autocomplete=\"email\" aria-required=\"true\" aria-invalid=\"false\" value=\"\" type=\"email\" name=\"your-email\" \/><\/span> <\/label>\n<\/p>\n<p><label> Objet<br \/>\n<span class=\"wpcf7-form-control-wrap\" data-name=\"your-subject\"><input size=\"40\" class=\"wpcf7-form-control wpcf7-text wpcf7-validates-as-required\" aria-required=\"true\" aria-invalid=\"false\" value=\"\" type=\"text\" name=\"your-subject\" \/><\/span> <\/label>\n<\/p>\n<p><label> Votre message (facultatif)<br \/>\n<span class=\"wpcf7-form-control-wrap\" data-name=\"your-message\"><textarea cols=\"40\" rows=\"10\" class=\"wpcf7-form-control wpcf7-textarea\" aria-invalid=\"false\" name=\"your-message\"><\/textarea><\/span> <\/label>\n<\/p>\n<p><input class=\"wpcf7-form-control wpcf7-submit has-spinner\" type=\"submit\" value=\"Envoyer\" \/>\n<\/p><p style=\"display: none !important;\" class=\"akismet-fields-container\" data-prefix=\"_wpcf7_ak_\"><label>&#916;<textarea name=\"_wpcf7_ak_hp_textarea\" cols=\"45\" rows=\"8\" maxlength=\"100\"><\/textarea><\/label><input type=\"hidden\" id=\"ak_js_1\" name=\"_wpcf7_ak_js\" value=\"98\"\/><script>document.getElementById( \"ak_js_1\" ).setAttribute( \"value\", ( new Date() ).getTime() );<\/script><\/p><div class=\"wpcf7-response-output\" aria-hidden=\"true\"><\/div>\n<\/form>\n<\/div>\n[\/vc_column][\/vc_row]<\/p>\n<\/div>","protected":false},"excerpt":{"rendered":"<p>[vc_row][vc_column width=\u00a0\u00bb2\/3&Prime;][vc_custom_heading text=\u00a0\u00bbEnvie de d\u00e9couvrir la Tarentaise le temps d&rsquo;un s\u00e9jour ?\u00a0\u00bb use_theme_fonts=\u00a0\u00bbyes\u00a0\u00bb][vc_column_text single_style=\u00a0\u00bb1&Prime;]Envie de d\u00e9couvrir la beaut\u00e9 de la Tarentaise, les plus beaux spots de montagne et ses h\u00e9bergements insolites ? Envie de d\u00e9couvrir de belles randos, des lacs de montagne sans chercher des heures sur internet pour faire votre itin\u00e9raire ? On s&rsquo;occupe <\/p>\n","protected":false},"author":1,"featured_media":0,"parent":0,"menu_order":0,"comment_status":"closed","ping_status":"closed","template":"page-blocks.php","meta":{"_monsterinsights_skip_tracking":false,"_monsterinsights_sitenote_active":false,"_monsterinsights_sitenote_note":"","_monsterinsights_sitenote_category":0,"footnotes":""},"aioseo_notices":[],"yoast_head":"<!-- This site is optimized with the Yoast SEO plugin v23.5 - https:\/\/yoast.com\/wordpress\/plugins\/seo\/ -->\n<title>ORGANISER SON SEJOUR EN TARENTAISE<\/title>\n<meta name=\"description\" content=\"On organise votre s\u00e9jour en Tarentaise ! Envie d&#039;une pause en montagne ? On s&#039;occupe d&#039;organiser votre s\u00e9jour entre h\u00e9bergement, activit\u00e9s et bonnes adresses.\" \/>\n<meta name=\"robots\" content=\"index, follow, max-snippet:-1, max-image-preview:large, max-video-preview:-1\" \/>\n<link rel=\"canonical\" href=\"https:\/\/themountainsfamily.com\/index.php\/organiser-son-sejour-en-tarentaise\/\" \/>\n<meta property=\"og:locale\" content=\"fr_FR\" \/>\n<meta property=\"og:type\" content=\"article\" \/>\n<meta property=\"og:title\" content=\"ORGANISER SON SEJOUR EN TARENTAISE\" \/>\n<meta property=\"og:description\" content=\"On organise votre s\u00e9jour en Tarentaise ! Envie d&#039;une pause en montagne ? On s&#039;occupe d&#039;organiser votre s\u00e9jour entre h\u00e9bergement, activit\u00e9s et bonnes adresses.\" \/>\n<meta property=\"og:url\" content=\"https:\/\/themountainsfamily.com\/index.php\/organiser-son-sejour-en-tarentaise\/\" \/>\n<meta property=\"og:site_name\" content=\"THE MOUNTAINS FAMILY\" \/>\n<meta property=\"article:modified_time\" content=\"2023-04-02T19:41:30+00:00\" \/>\n<meta name=\"twitter:card\" content=\"summary_large_image\" \/>\n<meta name=\"twitter:label1\" content=\"Dur\u00e9e de lecture estim\u00e9e\" \/>\n\t<meta name=\"twitter:data1\" content=\"2 minutes\" \/>\n<script type=\"application\/ld+json\" class=\"yoast-schema-graph\">{\"@context\":\"https:\/\/schema.org\",\"@graph\":[{\"@type\":\"WebPage\",\"@id\":\"https:\/\/themountainsfamily.com\/index.php\/organiser-son-sejour-en-tarentaise\/\",\"url\":\"https:\/\/themountainsfamily.com\/index.php\/organiser-son-sejour-en-tarentaise\/\",\"name\":\"ORGANISER SON SEJOUR EN TARENTAISE\",\"isPartOf\":{\"@id\":\"https:\/\/themountainsfamily.com\/#website\"},\"datePublished\":\"2023-04-01T09:57:14+00:00\",\"dateModified\":\"2023-04-02T19:41:30+00:00\",\"description\":\"On organise votre s\u00e9jour en Tarentaise ! Envie d'une pause en montagne ? On s'occupe d'organiser votre s\u00e9jour entre h\u00e9bergement, activit\u00e9s et bonnes adresses.\",\"breadcrumb\":{\"@id\":\"https:\/\/themountainsfamily.com\/index.php\/organiser-son-sejour-en-tarentaise\/#breadcrumb\"},\"inLanguage\":\"fr-FR\",\"potentialAction\":[{\"@type\":\"ReadAction\",\"target\":[\"https:\/\/themountainsfamily.com\/index.php\/organiser-son-sejour-en-tarentaise\/\"]}]},{\"@type\":\"BreadcrumbList\",\"@id\":\"https:\/\/themountainsfamily.com\/index.php\/organiser-son-sejour-en-tarentaise\/#breadcrumb\",\"itemListElement\":[{\"@type\":\"ListItem\",\"position\":1,\"name\":\"Home\",\"item\":\"https:\/\/themountainsfamily.com\/\"},{\"@type\":\"ListItem\",\"position\":2,\"name\":\"J&rsquo;ORGANISE VOTRE SEJOUR\"}]},{\"@type\":\"WebSite\",\"@id\":\"https:\/\/themountainsfamily.com\/#website\",\"url\":\"https:\/\/themountainsfamily.com\/\",\"name\":\"THE MOUNTAINS FAMILY\",\"description\":\"Blog d&#039;activit\u00e9s outdoor kids &amp; dog friendly\",\"publisher\":{\"@id\":\"https:\/\/themountainsfamily.com\/#organization\"},\"potentialAction\":[{\"@type\":\"SearchAction\",\"target\":{\"@type\":\"EntryPoint\",\"urlTemplate\":\"https:\/\/themountainsfamily.com\/?s={search_term_string}\"},\"query-input\":{\"@type\":\"PropertyValueSpecification\",\"valueRequired\":true,\"valueName\":\"search_term_string\"}}],\"inLanguage\":\"fr-FR\"},{\"@type\":\"Organization\",\"@id\":\"https:\/\/themountainsfamily.com\/#organization\",\"name\":\"THE MOUNTAINS FAMILY\",\"url\":\"https:\/\/themountainsfamily.com\/\",\"logo\":{\"@type\":\"ImageObject\",\"inLanguage\":\"fr-FR\",\"@id\":\"https:\/\/themountainsfamily.com\/#\/schema\/logo\/image\/\",\"url\":\"https:\/\/themountainsfamily.com\/wp-content\/uploads\/2023\/02\/cropped-Monoline-Mountain-Logo-2-1.jpg\",\"contentUrl\":\"https:\/\/themountainsfamily.com\/wp-content\/uploads\/2023\/02\/cropped-Monoline-Mountain-Logo-2-1.jpg\",\"width\":500,\"height\":500,\"caption\":\"THE MOUNTAINS FAMILY\"},\"image\":{\"@id\":\"https:\/\/themountainsfamily.com\/#\/schema\/logo\/image\/\"}}]}<\/script>\n<!-- \/ Yoast SEO plugin. -->","yoast_head_json":{"title":"ORGANISER SON SEJOUR EN TARENTAISE","description":"On organise votre s\u00e9jour en Tarentaise ! Envie d'une pause en montagne ? On s'occupe d'organiser votre s\u00e9jour entre h\u00e9bergement, activit\u00e9s et bonnes adresses.","robots":{"index":"index","follow":"follow","max-snippet":"max-snippet:-1","max-image-preview":"max-image-preview:large","max-video-preview":"max-video-preview:-1"},"canonical":"https:\/\/themountainsfamily.com\/index.php\/organiser-son-sejour-en-tarentaise\/","og_locale":"fr_FR","og_type":"article","og_title":"ORGANISER SON SEJOUR EN TARENTAISE","og_description":"On organise votre s\u00e9jour en Tarentaise ! Envie d'une pause en montagne ? On s'occupe d'organiser votre s\u00e9jour entre h\u00e9bergement, activit\u00e9s et bonnes adresses.","og_url":"https:\/\/themountainsfamily.com\/index.php\/organiser-son-sejour-en-tarentaise\/","og_site_name":"THE MOUNTAINS FAMILY","article_modified_time":"2023-04-02T19:41:30+00:00","twitter_card":"summary_large_image","twitter_misc":{"Dur\u00e9e de lecture estim\u00e9e":"2 minutes"},"schema":{"@context":"https:\/\/schema.org","@graph":[{"@type":"WebPage","@id":"https:\/\/themountainsfamily.com\/index.php\/organiser-son-sejour-en-tarentaise\/","url":"https:\/\/themountainsfamily.com\/index.php\/organiser-son-sejour-en-tarentaise\/","name":"ORGANISER SON SEJOUR EN TARENTAISE","isPartOf":{"@id":"https:\/\/themountainsfamily.com\/#website"},"datePublished":"2023-04-01T09:57:14+00:00","dateModified":"2023-04-02T19:41:30+00:00","description":"On organise votre s\u00e9jour en Tarentaise ! Envie d'une pause en montagne ? On s'occupe d'organiser votre s\u00e9jour entre h\u00e9bergement, activit\u00e9s et bonnes adresses.","breadcrumb":{"@id":"https:\/\/themountainsfamily.com\/index.php\/organiser-son-sejour-en-tarentaise\/#breadcrumb"},"inLanguage":"fr-FR","potentialAction":[{"@type":"ReadAction","target":["https:\/\/themountainsfamily.com\/index.php\/organiser-son-sejour-en-tarentaise\/"]}]},{"@type":"BreadcrumbList","@id":"https:\/\/themountainsfamily.com\/index.php\/organiser-son-sejour-en-tarentaise\/#breadcrumb","itemListElement":[{"@type":"ListItem","position":1,"name":"Home","item":"https:\/\/themountainsfamily.com\/"},{"@type":"ListItem","position":2,"name":"J&rsquo;ORGANISE VOTRE SEJOUR"}]},{"@type":"WebSite","@id":"https:\/\/themountainsfamily.com\/#website","url":"https:\/\/themountainsfamily.com\/","name":"THE MOUNTAINS FAMILY","description":"Blog d&#039;activit\u00e9s outdoor kids &amp; dog friendly","publisher":{"@id":"https:\/\/themountainsfamily.com\/#organization"},"potentialAction":[{"@type":"SearchAction","target":{"@type":"EntryPoint","urlTemplate":"https:\/\/themountainsfamily.com\/?s={search_term_string}"},"query-input":{"@type":"PropertyValueSpecification","valueRequired":true,"valueName":"search_term_string"}}],"inLanguage":"fr-FR"},{"@type":"Organization","@id":"https:\/\/themountainsfamily.com\/#organization","name":"THE MOUNTAINS FAMILY","url":"https:\/\/themountainsfamily.com\/","logo":{"@type":"ImageObject","inLanguage":"fr-FR","@id":"https:\/\/themountainsfamily.com\/#\/schema\/logo\/image\/","url":"https:\/\/themountainsfamily.com\/wp-content\/uploads\/2023\/02\/cropped-Monoline-Mountain-Logo-2-1.jpg","contentUrl":"https:\/\/themountainsfamily.com\/wp-content\/uploads\/2023\/02\/cropped-Monoline-Mountain-Logo-2-1.jpg","width":500,"height":500,"caption":"THE MOUNTAINS FAMILY"},"image":{"@id":"https:\/\/themountainsfamily.com\/#\/schema\/logo\/image\/"}}]}},"_links":{"self":[{"href":"https:\/\/themountainsfamily.com\/index.php\/wp-json\/wp\/v2\/pages\/1140"}],"collection":[{"href":"https:\/\/themountainsfamily.com\/index.php\/wp-json\/wp\/v2\/pages"}],"about":[{"href":"https:\/\/themountainsfamily.com\/index.php\/wp-json\/wp\/v2\/types\/page"}],"author":[{"embeddable":true,"href":"https:\/\/themountainsfamily.com\/index.php\/wp-json\/wp\/v2\/users\/1"}],"replies":[{"embeddable":true,"href":"https:\/\/themountainsfamily.com\/index.php\/wp-json\/wp\/v2\/comments?post=1140"}],"version-history":[{"count":12,"href":"https:\/\/themountainsfamily.com\/index.php\/wp-json\/wp\/v2\/pages\/1140\/revisions"}],"predecessor-version":[{"id":1190,"href":"https:\/\/themountainsfamily.com\/index.php\/wp-json\/wp\/v2\/pages\/1140\/revisions\/1190"}],"wp:attachment":[{"href":"https:\/\/themountainsfamily.com\/index.php\/wp-json\/wp\/v2\/media?parent=1140"}],"curies":[{"name":"wp","href":"https:\/\/api.w.org\/{rel}","templated":true}]}}