{"id":23,"date":"2023-02-28T21:33:08","date_gmt":"2023-02-28T21:33:08","guid":{"rendered":"https:\/\/themountainsfamily.com\/?page_id=23"},"modified":"2023-05-31T19:25:22","modified_gmt":"2023-05-31T19:25:22","slug":"la-montagne-en-famille","status":"publish","type":"page","link":"https:\/\/themountainsfamily.com\/index.php\/la-montagne-en-famille\/","title":{"rendered":"A PROPOS"},"content":{"rendered":"<div class=\"wpb-content-wrapper\"><p>[vc_row][vc_column width=\u00a0\u00bb2\/3&Prime;][vc_custom_heading text=\u00a0\u00bbHello, nous c&rsquo;est la Mountains Family\u00a0\u00bb font_container=\u00a0\u00bbtag:h1|text_align:left\u00a0\u00bb use_theme_fonts=\u00a0\u00bbyes\u00a0\u00bb][vc_column_text]<\/p>\n<div class=\"page\" title=\"Page 2\">\n<div class=\"section\">\n<div class=\"layoutArea\">\n<div class=\"column\">\n<p>Moi c&rsquo;est Manon, j&rsquo;ai \u00a026 ans et je suis ne\u0301e a\u0300 Val d&rsquo;Ise\u0300re dans les Alpes.<\/p>\n<p>Depuis toute petite j&rsquo;ai le go\u00fbt de l&rsquo;aventure, du sport et de la nature. Passionne\u0301e de ski, de rando et de Trail, je ne loupe pas une occasion de passer quelques heures dans les montagnes qui m&rsquo;entourent. Je fais d&rsquo;ailleurs partie de la team \u00ab\u00a0une journ\u00e9e enferm\u00e9e est une journ\u00e9e perdue\u00a0\u00bb.<\/p>\n<p>Depuis 2 ans et demi j&rsquo;ai dans ma vie une (grosse) boule de poils : Romy. Sans doute la border collie la plus connue de <a href=\"https:\/\/www.valdisere.com\" target=\"_blank\" rel=\"nofollow noopener\">Val d&rsquo;Ise\u0300re<\/a> ! Avec sa truffe rose et ses yeux bleus, elle ne passe pas inaperc\u0327ue. Enfin, en Fe\u0301vrier 2022, un petit garc\u0327on est venu s&rsquo;ajouter a\u0300 la \u00ab\u00a0meute\u00a0\u00bb : Eliott.<\/p>\n<p>Du haut de ses 1 an, il parcourt de\u0301ja\u0300 les Alpes en chariot Thule, en sac a\u0300 dos ou en luge&#8230;<\/p>\n<\/div>\n<\/div>\n<\/div>\n<\/div>\n<p>[\/vc_column_text][vc_custom_heading text=\u00a0\u00bbLa cr\u00e9ation de Mountains Family\u00a0\u00bb use_theme_fonts=\u00a0\u00bbyes\u00a0\u00bb][vc_column_text single_style=\u00a0\u00bb\u00a0\u00bb]Avec l&rsquo;arriv\u00e9e d&rsquo;Eliott, ma vie a beaucoup chang\u00e9e !<br \/>\nFini les sorties ski de rando avec 1500m de D+ et les parcours de Trail de 20kms. J&rsquo;ai d\u00fb adapter mon quotidien et ma pratique sportive.<\/p>\n<p>Ca n&rsquo;a pas \u00e9t\u00e9 facile au d\u00e9but mais j&rsquo;ai fini par trouver un \u00e9quilibre pour continuer d&rsquo;explorer les montagnes avec mon fils.<\/p>\n<p>Je partage nos escapades quotidiennes sur <a href=\"https:\/\/www.instagram.com\/manonpelissier_\/\" target=\"_blank\" rel=\"noopener\">les r\u00e9seaux sociaux<\/a>. J&rsquo;ai ainsi d\u00e9couvert que de nombreux parents \u00e9taient \u00e0 la recherche d&rsquo;activit\u00e9s outdoor \u00e0 faire en famille.<\/p>\n<p>L&rsquo;occasion pour moi de mettre sur papier nos <a title=\"RANDOS\" href=\"https:\/\/themountainsfamily.com\/index.php\/randonnees-famille\/\">itin\u00e9raires de randonn\u00e9es<\/a>, nos <a title=\"DESTINATIONS\" href=\"https:\/\/themountainsfamily.com\/index.php\/destinations\/\">voyages<\/a> et nos conseils et de les partager sur ce blog. Notre objectif : inciter et inspirer le plus grand nombre \u00e0 embarquer leurs familles pour des activit\u00e9s en montagne !<\/p>\n<p>Nous sommes fi\u00e8rement \u00e9quip\u00e9s par <a href=\"https:\/\/beforeriding.com\/\" target=\"_blank\" rel=\"nofollow noopener\">BeforeRiding<\/a>, <a href=\"https:\/\/tidd.ly\/45EuTQM\" target=\"_blank\" rel=\"noopener\">Hardloop<\/a> et <a href=\"https:\/\/www.lespetitsbaroudeurs.com\/\" target=\"_blank\" rel=\"nofollow noopener\">Les Petits Baroudeurs.<\/a>[\/vc_column_text][\/vc_column][vc_column width=\u00a0\u00bb1\/3&Prime;][vc_row_inner][vc_column_inner][vc_single_image image=\u00a0\u00bb54&Prime; img_size=\u00a0\u00bbfull\u00a0\u00bb style=\u00a0\u00bbvc_box_rounded\u00a0\u00bb][vc_column_text single_style=\u00a0\u00bb\u00a0\u00bb]<\/p>\n<h4>LA TEAM :<\/h4>\n<p>Manon alias celle qui est toujours charg\u00e9e comme une mule<\/p>\n<p>Eliott, celui qui fait des siestes de fou partout sauf dans son lit<\/p>\n<p>Antoine, que vous verrez tr\u00e8s peu car il est jours et nuits dans ses cuisines. La vie de Chef vous savez &#8230;<\/p>\n<p>Romy, et son \u00e9nergie d\u00e9bordante, qui devient folle quand on enfile nos baskets[\/vc_column_text][\/vc_column_inner][\/vc_row_inner][vc_row_inner][vc_column_inner][vc_single_image image=\u00a0\u00bb53&Prime; img_size=\u00a0\u00bbfull\u00a0\u00bb style=\u00a0\u00bbvc_box_rounded\u00a0\u00bb][\/vc_column_inner][\/vc_row_inner][\/vc_column][\/vc_row]<\/p>\n<\/div>","protected":false},"excerpt":{"rendered":"<p>[vc_row][vc_column width=\u00a0\u00bb2\/3&Prime;][vc_custom_heading text=\u00a0\u00bbHello, nous c&rsquo;est la Mountains Family\u00a0\u00bb font_container=\u00a0\u00bbtag:h1|text_align:left\u00a0\u00bb use_theme_fonts=\u00a0\u00bbyes\u00a0\u00bb][vc_column_text] Moi c&rsquo;est Manon, j&rsquo;ai \u00a026 ans et je suis ne\u0301e a\u0300 Val d&rsquo;Ise\u0300re dans les Alpes. Depuis toute petite j&rsquo;ai le go\u00fbt de l&rsquo;aventure, du sport et de la nature. Passionne\u0301e de ski, de rando et de Trail, je ne loupe pas une occasion de <\/p>\n","protected":false},"author":1,"featured_media":0,"parent":0,"menu_order":0,"comment_status":"closed","ping_status":"closed","template":"page-blocks.php","meta":{"_monsterinsights_skip_tracking":false,"_monsterinsights_sitenote_active":false,"_monsterinsights_sitenote_note":"","_monsterinsights_sitenote_category":0,"footnotes":""},"aioseo_notices":[],"yoast_head":"<!-- This site is optimized with the Yoast SEO plugin v23.5 - https:\/\/yoast.com\/wordpress\/plugins\/seo\/ -->\n<title>LE BLOG OUTDOOR EN FAMILLE<\/title>\n<meta name=\"description\" content=\"Nous c&#039;est la Mountains Family, on partage nos randonn\u00e9es, nos voyages et nos conseils pour des activit\u00e9s de montagne en famille.\" \/>\n<meta name=\"robots\" content=\"index, follow, max-snippet:-1, max-image-preview:large, max-video-preview:-1\" \/>\n<link rel=\"canonical\" href=\"https:\/\/themountainsfamily.com\/index.php\/la-montagne-en-famille\/\" \/>\n<meta property=\"og:locale\" content=\"fr_FR\" \/>\n<meta property=\"og:type\" content=\"article\" \/>\n<meta property=\"og:title\" content=\"LE BLOG OUTDOOR EN FAMILLE\" \/>\n<meta property=\"og:description\" content=\"Nous c&#039;est la Mountains Family, on partage nos randonn\u00e9es, nos voyages et nos conseils pour des activit\u00e9s de montagne en famille.\" \/>\n<meta property=\"og:url\" content=\"https:\/\/themountainsfamily.com\/index.php\/la-montagne-en-famille\/\" \/>\n<meta property=\"og:site_name\" content=\"THE MOUNTAINS FAMILY\" \/>\n<meta property=\"article:modified_time\" content=\"2023-05-31T19:25:22+00:00\" \/>\n<meta name=\"twitter:card\" content=\"summary_large_image\" \/>\n<meta name=\"twitter:label1\" content=\"Dur\u00e9e de lecture estim\u00e9e\" \/>\n\t<meta name=\"twitter:data1\" content=\"2 minutes\" \/>\n<script type=\"application\/ld+json\" class=\"yoast-schema-graph\">{\"@context\":\"https:\/\/schema.org\",\"@graph\":[{\"@type\":\"WebPage\",\"@id\":\"https:\/\/themountainsfamily.com\/index.php\/la-montagne-en-famille\/\",\"url\":\"https:\/\/themountainsfamily.com\/index.php\/la-montagne-en-famille\/\",\"name\":\"LE BLOG OUTDOOR EN FAMILLE\",\"isPartOf\":{\"@id\":\"https:\/\/themountainsfamily.com\/#website\"},\"datePublished\":\"2023-02-28T21:33:08+00:00\",\"dateModified\":\"2023-05-31T19:25:22+00:00\",\"description\":\"Nous c'est la Mountains Family, on partage nos randonn\u00e9es, nos voyages et nos conseils pour des activit\u00e9s de montagne en famille.\",\"breadcrumb\":{\"@id\":\"https:\/\/themountainsfamily.com\/index.php\/la-montagne-en-famille\/#breadcrumb\"},\"inLanguage\":\"fr-FR\",\"potentialAction\":[{\"@type\":\"ReadAction\",\"target\":[\"https:\/\/themountainsfamily.com\/index.php\/la-montagne-en-famille\/\"]}]},{\"@type\":\"BreadcrumbList\",\"@id\":\"https:\/\/themountainsfamily.com\/index.php\/la-montagne-en-famille\/#breadcrumb\",\"itemListElement\":[{\"@type\":\"ListItem\",\"position\":1,\"name\":\"Home\",\"item\":\"https:\/\/themountainsfamily.com\/\"},{\"@type\":\"ListItem\",\"position\":2,\"name\":\"A PROPOS\"}]},{\"@type\":\"WebSite\",\"@id\":\"https:\/\/themountainsfamily.com\/#website\",\"url\":\"https:\/\/themountainsfamily.com\/\",\"name\":\"THE MOUNTAINS FAMILY\",\"description\":\"Blog d&#039;activit\u00e9s outdoor kids &amp; dog friendly\",\"publisher\":{\"@id\":\"https:\/\/themountainsfamily.com\/#organization\"},\"potentialAction\":[{\"@type\":\"SearchAction\",\"target\":{\"@type\":\"EntryPoint\",\"urlTemplate\":\"https:\/\/themountainsfamily.com\/?s={search_term_string}\"},\"query-input\":{\"@type\":\"PropertyValueSpecification\",\"valueRequired\":true,\"valueName\":\"search_term_string\"}}],\"inLanguage\":\"fr-FR\"},{\"@type\":\"Organization\",\"@id\":\"https:\/\/themountainsfamily.com\/#organization\",\"name\":\"THE MOUNTAINS FAMILY\",\"url\":\"https:\/\/themountainsfamily.com\/\",\"logo\":{\"@type\":\"ImageObject\",\"inLanguage\":\"fr-FR\",\"@id\":\"https:\/\/themountainsfamily.com\/#\/schema\/logo\/image\/\",\"url\":\"https:\/\/themountainsfamily.com\/wp-content\/uploads\/2023\/02\/cropped-Monoline-Mountain-Logo-2-1.jpg\",\"contentUrl\":\"https:\/\/themountainsfamily.com\/wp-content\/uploads\/2023\/02\/cropped-Monoline-Mountain-Logo-2-1.jpg\",\"width\":500,\"height\":500,\"caption\":\"THE MOUNTAINS FAMILY\"},\"image\":{\"@id\":\"https:\/\/themountainsfamily.com\/#\/schema\/logo\/image\/\"}}]}<\/script>\n<!-- \/ Yoast SEO plugin. -->","yoast_head_json":{"title":"LE BLOG OUTDOOR EN FAMILLE","description":"Nous c'est la Mountains Family, on partage nos randonn\u00e9es, nos voyages et nos conseils pour des activit\u00e9s de montagne en famille.","robots":{"index":"index","follow":"follow","max-snippet":"max-snippet:-1","max-image-preview":"max-image-preview:large","max-video-preview":"max-video-preview:-1"},"canonical":"https:\/\/themountainsfamily.com\/index.php\/la-montagne-en-famille\/","og_locale":"fr_FR","og_type":"article","og_title":"LE BLOG OUTDOOR EN FAMILLE","og_description":"Nous c'est la Mountains Family, on partage nos randonn\u00e9es, nos voyages et nos conseils pour des activit\u00e9s de montagne en famille.","og_url":"https:\/\/themountainsfamily.com\/index.php\/la-montagne-en-famille\/","og_site_name":"THE MOUNTAINS FAMILY","article_modified_time":"2023-05-31T19:25:22+00:00","twitter_card":"summary_large_image","twitter_misc":{"Dur\u00e9e de lecture estim\u00e9e":"2 minutes"},"schema":{"@context":"https:\/\/schema.org","@graph":[{"@type":"WebPage","@id":"https:\/\/themountainsfamily.com\/index.php\/la-montagne-en-famille\/","url":"https:\/\/themountainsfamily.com\/index.php\/la-montagne-en-famille\/","name":"LE BLOG OUTDOOR EN FAMILLE","isPartOf":{"@id":"https:\/\/themountainsfamily.com\/#website"},"datePublished":"2023-02-28T21:33:08+00:00","dateModified":"2023-05-31T19:25:22+00:00","description":"Nous c'est la Mountains Family, on partage nos randonn\u00e9es, nos voyages et nos conseils pour des activit\u00e9s de montagne en famille.","breadcrumb":{"@id":"https:\/\/themountainsfamily.com\/index.php\/la-montagne-en-famille\/#breadcrumb"},"inLanguage":"fr-FR","potentialAction":[{"@type":"ReadAction","target":["https:\/\/themountainsfamily.com\/index.php\/la-montagne-en-famille\/"]}]},{"@type":"BreadcrumbList","@id":"https:\/\/themountainsfamily.com\/index.php\/la-montagne-en-famille\/#breadcrumb","itemListElement":[{"@type":"ListItem","position":1,"name":"Home","item":"https:\/\/themountainsfamily.com\/"},{"@type":"ListItem","position":2,"name":"A PROPOS"}]},{"@type":"WebSite","@id":"https:\/\/themountainsfamily.com\/#website","url":"https:\/\/themountainsfamily.com\/","name":"THE MOUNTAINS FAMILY","description":"Blog d&#039;activit\u00e9s outdoor kids &amp; dog friendly","publisher":{"@id":"https:\/\/themountainsfamily.com\/#organization"},"potentialAction":[{"@type":"SearchAction","target":{"@type":"EntryPoint","urlTemplate":"https:\/\/themountainsfamily.com\/?s={search_term_string}"},"query-input":{"@type":"PropertyValueSpecification","valueRequired":true,"valueName":"search_term_string"}}],"inLanguage":"fr-FR"},{"@type":"Organization","@id":"https:\/\/themountainsfamily.com\/#organization","name":"THE MOUNTAINS FAMILY","url":"https:\/\/themountainsfamily.com\/","logo":{"@type":"ImageObject","inLanguage":"fr-FR","@id":"https:\/\/themountainsfamily.com\/#\/schema\/logo\/image\/","url":"https:\/\/themountainsfamily.com\/wp-content\/uploads\/2023\/02\/cropped-Monoline-Mountain-Logo-2-1.jpg","contentUrl":"https:\/\/themountainsfamily.com\/wp-content\/uploads\/2023\/02\/cropped-Monoline-Mountain-Logo-2-1.jpg","width":500,"height":500,"caption":"THE MOUNTAINS FAMILY"},"image":{"@id":"https:\/\/themountainsfamily.com\/#\/schema\/logo\/image\/"}}]}},"_links":{"self":[{"href":"https:\/\/themountainsfamily.com\/index.php\/wp-json\/wp\/v2\/pages\/23"}],"collection":[{"href":"https:\/\/themountainsfamily.com\/index.php\/wp-json\/wp\/v2\/pages"}],"about":[{"href":"https:\/\/themountainsfamily.com\/index.php\/wp-json\/wp\/v2\/types\/page"}],"author":[{"embeddable":true,"href":"https:\/\/themountainsfamily.com\/index.php\/wp-json\/wp\/v2\/users\/1"}],"replies":[{"embeddable":true,"href":"https:\/\/themountainsfamily.com\/index.php\/wp-json\/wp\/v2\/comments?post=23"}],"version-history":[{"count":8,"href":"https:\/\/themountainsfamily.com\/index.php\/wp-json\/wp\/v2\/pages\/23\/revisions"}],"predecessor-version":[{"id":1268,"href":"https:\/\/themountainsfamily.com\/index.php\/wp-json\/wp\/v2\/pages\/23\/revisions\/1268"}],"wp:attachment":[{"href":"https:\/\/themountainsfamily.com\/index.php\/wp-json\/wp\/v2\/media?parent=23"}],"curies":[{"name":"wp","href":"https:\/\/api.w.org\/{rel}","templated":true}]}}